{"id":14,"date":"2024-10-16T14:42:23","date_gmt":"2024-10-16T14:42:23","guid":{"rendered":"https:\/\/openshops.rkinformatika.online\/?page_id=14"},"modified":"2024-11-08T14:33:04","modified_gmt":"2024-11-08T14:33:04","slug":"servicios","status":"publish","type":"page","link":"https:\/\/nireesku.com\/eu\/servicios\/","title":{"rendered":"ZERBITZUAK"},"content":{"rendered":"<div data-elementor-type=\"wp-page\" data-elementor-id=\"14\" class=\"elementor elementor-14\" data-elementor-post-type=\"page\">\n\t\t\t\t<div class=\"elementor-element elementor-element-332f95a e-flex e-con-boxed e-con e-parent\" data-id=\"332f95a\" data-element_type=\"container\" data-e-type=\"container\" data-settings=\"{&quot;background_background&quot;:&quot;classic&quot;}\">\n\t\t\t\t\t<div class=\"e-con-inner\">\n\t\t<div class=\"elementor-element elementor-element-9bc7600 e-con-full e-flex e-con e-child\" data-id=\"9bc7600\" data-element_type=\"container\" data-e-type=\"container\">\n\t\t\t\t<div class=\"elementor-element elementor-element-1927d46 elementor-invisible elementor-widget elementor-widget-heading\" data-id=\"1927d46\" data-element_type=\"widget\" data-e-type=\"widget\" data-settings=\"{&quot;_animation&quot;:&quot;zoomIn&quot;}\" data-widget_type=\"heading.default\">\n\t\t\t\t<div class=\"elementor-widget-container\">\n\t\t\t\t\t<h1 class=\"elementor-heading-title elementor-size-default\">quiromasaje, asesoramiento nutricional y dermoest\u00e9tica.<\/h1>\t\t\t\t<\/div>\n\t\t\t\t<\/div>\n\t\t\t\t<div class=\"elementor-element elementor-element-6b383c36 elementor-invisible elementor-widget elementor-widget-text-editor\" data-id=\"6b383c36\" data-element_type=\"widget\" data-e-type=\"widget\" data-settings=\"{&quot;_animation&quot;:&quot;zoomIn&quot;}\" data-widget_type=\"text-editor.default\">\n\t\t\t\t<div class=\"elementor-widget-container\">\n\t\t\t\t\t\t\t\t\t<p>Tu bienestar est\u00e1 a solo un paso. \u00a1Te esperamos para ayudarte a sentirte bien, verte incre\u00edble y alcanzar el equilibrio perfecto entre cuerpo y mente!<\/p>\t\t\t\t\t\t\t\t<\/div>\n\t\t\t\t<\/div>\n\t\t<div class=\"elementor-element elementor-element-eaeebf3 e-con-full e-flex e-con e-child\" data-id=\"eaeebf3\" data-element_type=\"container\" data-e-type=\"container\">\n\t\t\t\t<div class=\"elementor-element elementor-element-53bb06a9 elementor-align-right elementor-widget__width-auto elementor-mobile-align-justify elementor-widget-mobile__width-initial elementor-tablet-align-justify elementor-widget-tablet__width-initial elementor-invisible elementor-widget elementor-widget-button\" data-id=\"53bb06a9\" data-element_type=\"widget\" data-e-type=\"widget\" data-settings=\"{&quot;_animation&quot;:&quot;fadeInLeft&quot;}\" data-widget_type=\"button.default\">\n\t\t\t\t<div class=\"elementor-widget-container\">\n\t\t\t\t\t\t\t\t\t<div class=\"elementor-button-wrapper\">\n\t\t\t\t\t<a class=\"elementor-button elementor-button-link elementor-size-sm elementor-animation-grow\" href=\"https:\/\/nireesku.com\/eu\/contacto\/\">\n\t\t\t\t\t\t<span class=\"elementor-button-content-wrapper\">\n\t\t\t\t\t\t\t\t\t<span class=\"elementor-button-text\">llamanos<\/span>\n\t\t\t\t\t<\/span>\n\t\t\t\t\t<\/a>\n\t\t\t\t<\/div>\n\t\t\t\t\t\t\t\t<\/div>\n\t\t\t\t<\/div>\n\t\t\t\t<\/div>\n\t\t\t\t<\/div>\n\t\t\t\t\t<\/div>\n\t\t\t\t<\/div>\n\t\t<div class=\"elementor-element elementor-element-6209a8d5 e-con-full e-flex e-con e-parent\" data-id=\"6209a8d5\" data-element_type=\"container\" data-e-type=\"container\" data-settings=\"{&quot;background_background&quot;:&quot;classic&quot;}\">\n\t\t<div class=\"elementor-element elementor-element-3c64ac2f e-flex e-con-boxed e-con e-child\" data-id=\"3c64ac2f\" data-element_type=\"container\" data-e-type=\"container\">\n\t\t\t\t\t<div class=\"e-con-inner\">\n\t\t\t\t<div class=\"elementor-element elementor-element-4afc8152 elementor-invisible elementor-widget elementor-widget-heading\" data-id=\"4afc8152\" data-element_type=\"widget\" data-e-type=\"widget\" data-settings=\"{&quot;_animation&quot;:&quot;zoomIn&quot;}\" data-widget_type=\"heading.default\">\n\t\t\t\t<div class=\"elementor-widget-container\">\n\t\t\t\t\t<p class=\"elementor-heading-title elementor-size-default\">Nuestros servicios<\/p>\t\t\t\t<\/div>\n\t\t\t\t<\/div>\n\t\t\t\t<div class=\"elementor-element elementor-element-14ea4f03 elementor-widget__width-initial elementor-invisible elementor-widget elementor-widget-heading\" data-id=\"14ea4f03\" data-element_type=\"widget\" data-e-type=\"widget\" data-settings=\"{&quot;_animation&quot;:&quot;fadeInUp&quot;}\" data-widget_type=\"heading.default\">\n\t\t\t\t<div class=\"elementor-widget-container\">\n\t\t\t\t\t<h2 class=\"elementor-heading-title elementor-size-default\">\u00a1Transforma tu bienestar de adentro hacia afuera!<\/h2>\t\t\t\t<\/div>\n\t\t\t\t<\/div>\n\t\t\t\t\t<\/div>\n\t\t\t\t<\/div>\n\t\t<div class=\"elementor-element elementor-element-28d95779 e-con-full e-flex e-con e-child\" data-id=\"28d95779\" data-element_type=\"container\" data-e-type=\"container\">\n\t\t<div class=\"elementor-element elementor-element-691d41cd e-con-full e-flex elementor-invisible e-con e-child\" data-id=\"691d41cd\" data-element_type=\"container\" data-e-type=\"container\" data-settings=\"{&quot;animation&quot;:&quot;fadeInUp&quot;}\">\n\t\t\t\t<div class=\"elementor-element elementor-element-66fa0d84 elementor-cta--layout-image-below elementor-cta--valign-middle elementor-cta--skin-classic elementor-animated-content elementor-bg-transform elementor-bg-transform-zoom-in elementor-widget elementor-widget-call-to-action\" data-id=\"66fa0d84\" data-element_type=\"widget\" data-e-type=\"widget\" data-widget_type=\"call-to-action.default\">\n\t\t\t\t<div class=\"elementor-widget-container\">\n\t\t\t\t\t\t\t<div class=\"elementor-cta\">\n\t\t\t\t\t<div class=\"elementor-cta__bg-wrapper\">\n\t\t\t\t<div class=\"elementor-cta__bg elementor-bg\" style=\"background-image: url(https:\/\/nireesku.com\/wp-content\/uploads\/elementor\/thumbs\/13-Iban-Martin-Delgado-scaled-qwmebwmm4iy8ssj5umotwfbo27vaazlsn8iyhw80p4.jpeg);\" role=\"img\" aria-label=\"13 - Iban Martin Delgado\"><\/div>\n\t\t\t\t<div class=\"elementor-cta__bg-overlay\"><\/div>\n\t\t\t<\/div>\n\t\t\t\t\t\t\t\t<\/div>\n\t\t\t\t\t\t<\/div>\n\t\t\t\t<\/div>\n\t\t\t\t<div class=\"elementor-element elementor-element-aab0419 elementor-widget elementor-widget-heading\" data-id=\"aab0419\" data-element_type=\"widget\" data-e-type=\"widget\" data-widget_type=\"heading.default\">\n\t\t\t\t<div class=\"elementor-widget-container\">\n\t\t\t\t\t<h2 class=\"elementor-heading-title elementor-size-default\">Masaje Deportivo<\/h2>\t\t\t\t<\/div>\n\t\t\t\t<\/div>\n\t\t\t\t<div class=\"elementor-element elementor-element-411e5a6 elementor-widget elementor-widget-text-editor\" data-id=\"411e5a6\" data-element_type=\"widget\" data-e-type=\"widget\" data-widget_type=\"text-editor.default\">\n\t\t\t\t<div class=\"elementor-widget-container\">\n\t\t\t\t\t\t\t\t\t<p>El <strong>masaje deportivo<\/strong> es una t\u00e9cnica de terapia manual dise\u00f1ada espec\u00edficamente para atletas y personas activas, aunque puede beneficiar a cualquiera que practique actividad f\u00edsica. Sus objetivos principales son <strong>prevenir lesiones<\/strong>, <strong>mejorar el rendimiento<\/strong> y <strong>facilitar la recuperaci\u00f3n<\/strong> muscular, optimizando as\u00ed el bienestar general y la capacidad f\u00edsica.<\/p>\t\t\t\t\t\t\t\t<\/div>\n\t\t\t\t<\/div>\n\t\t\t\t<\/div>\n\t\t<div class=\"elementor-element elementor-element-0779d66 e-con-full e-flex elementor-invisible e-con e-child\" data-id=\"0779d66\" data-element_type=\"container\" data-e-type=\"container\" data-settings=\"{&quot;animation&quot;:&quot;fadeInUp&quot;,&quot;animation_delay&quot;:200}\">\n\t\t\t\t<div class=\"elementor-element elementor-element-4024eac elementor-cta--layout-image-above elementor-cta--valign-middle elementor-cta--skin-classic elementor-animated-content elementor-bg-transform elementor-bg-transform-zoom-in elementor-widget elementor-widget-call-to-action\" data-id=\"4024eac\" data-element_type=\"widget\" data-e-type=\"widget\" data-widget_type=\"call-to-action.default\">\n\t\t\t\t<div class=\"elementor-widget-container\">\n\t\t\t\t\t\t\t<div class=\"elementor-cta\">\n\t\t\t\t\t<div class=\"elementor-cta__bg-wrapper\">\n\t\t\t\t<div class=\"elementor-cta__bg elementor-bg\" style=\"background-image: url(https:\/\/nireesku.com\/wp-content\/uploads\/2024\/11\/8-Iban-Martin-Delgado-scaled.jpeg);\" role=\"img\" aria-label=\"8 - Iban Martin Delgado\"><\/div>\n\t\t\t\t<div class=\"elementor-cta__bg-overlay\"><\/div>\n\t\t\t<\/div>\n\t\t\t\t\t\t\t\t<\/div>\n\t\t\t\t\t\t<\/div>\n\t\t\t\t<\/div>\n\t\t\t\t<div class=\"elementor-element elementor-element-a5fcb53 elementor-widget elementor-widget-heading\" data-id=\"a5fcb53\" data-element_type=\"widget\" data-e-type=\"widget\" data-widget_type=\"heading.default\">\n\t\t\t\t<div class=\"elementor-widget-container\">\n\t\t\t\t\t<h2 class=\"elementor-heading-title elementor-size-default\">Masaje Terap\u00e9utico<\/h2>\t\t\t\t<\/div>\n\t\t\t\t<\/div>\n\t\t\t\t<div class=\"elementor-element elementor-element-1d50aed elementor-widget elementor-widget-text-editor\" data-id=\"1d50aed\" data-element_type=\"widget\" data-e-type=\"widget\" data-widget_type=\"text-editor.default\">\n\t\t\t\t<div class=\"elementor-widget-container\">\n\t\t\t\t\t\t\t\t\t<p>El <strong>masaje terap\u00e9utico<\/strong> es una t\u00e9cnica manual que tiene como objetivo <strong>aliviar dolores<\/strong>, <strong>reducir el estr\u00e9s<\/strong> y <strong>mejorar la salud f\u00edsica y emocional<\/strong>. A diferencia de otros tipos de masaje, este se centra en tratar problemas espec\u00edficos del cuerpo, como dolores cr\u00f3nicos, tensiones musculares y lesiones. Se adapta a las necesidades de cada persona y puede combinar diferentes t\u00e9cnicas seg\u00fan la condici\u00f3n que se busca tratar.<\/p>\t\t\t\t\t\t\t\t<\/div>\n\t\t\t\t<\/div>\n\t\t\t\t<\/div>\n\t\t<div class=\"elementor-element elementor-element-ce7386f e-con-full e-flex elementor-invisible e-con e-child\" data-id=\"ce7386f\" data-element_type=\"container\" data-e-type=\"container\" data-settings=\"{&quot;animation&quot;:&quot;fadeInUp&quot;,&quot;animation_delay&quot;:400}\">\n\t\t\t\t<div class=\"elementor-element elementor-element-ee1b055 elementor-cta--layout-image-above elementor-cta--valign-middle elementor-cta--skin-classic elementor-animated-content elementor-bg-transform elementor-bg-transform-zoom-in elementor-widget elementor-widget-call-to-action\" data-id=\"ee1b055\" data-element_type=\"widget\" data-e-type=\"widget\" data-widget_type=\"call-to-action.default\">\n\t\t\t\t<div class=\"elementor-widget-container\">\n\t\t\t\t\t\t\t<div class=\"elementor-cta\">\n\t\t\t\t\t<div class=\"elementor-cta__bg-wrapper\">\n\t\t\t\t<div class=\"elementor-cta__bg elementor-bg\" style=\"background-image: url(https:\/\/nireesku.com\/wp-content\/uploads\/2024\/11\/22-Iban-Martin-Delgado-2048x1365.jpeg);\" role=\"img\" aria-label=\"22 - Iban Martin Delgado\"><\/div>\n\t\t\t\t<div class=\"elementor-cta__bg-overlay\"><\/div>\n\t\t\t<\/div>\n\t\t\t\t\t\t\t\t<\/div>\n\t\t\t\t\t\t<\/div>\n\t\t\t\t<\/div>\n\t\t\t\t<div class=\"elementor-element elementor-element-e264cd8 elementor-widget elementor-widget-heading\" data-id=\"e264cd8\" data-element_type=\"widget\" data-e-type=\"widget\" data-widget_type=\"heading.default\">\n\t\t\t\t<div class=\"elementor-widget-container\">\n\t\t\t\t\t<h2 class=\"elementor-heading-title elementor-size-default\">Masaje Relajante<\/h2>\t\t\t\t<\/div>\n\t\t\t\t<\/div>\n\t\t\t\t<div class=\"elementor-element elementor-element-127f243 elementor-widget elementor-widget-text-editor\" data-id=\"127f243\" data-element_type=\"widget\" data-e-type=\"widget\" data-widget_type=\"text-editor.default\">\n\t\t\t\t<div class=\"elementor-widget-container\">\n\t\t\t\t\t\t\t\t\t<p>El <strong>masaje relajante<\/strong> es una t\u00e9cnica de masaje suave y calmante, enfocada en reducir el estr\u00e9s, aliviar la tensi\u00f3n muscular y promover un estado de bienestar f\u00edsico y mental. A diferencia de otros tipos de masaje, el masaje relajante no busca trabajar en profundidad sobre los m\u00fasculos o tratar dolores espec\u00edficos, sino inducir una <strong>sensaci\u00f3n de relajaci\u00f3n profunda<\/strong> y desconexi\u00f3n. Suele utilizar movimientos lentos y continuos, adem\u00e1s de aceites esenciales, que ayudan a crear una experiencia placentera y terap\u00e9utica.<\/p>\t\t\t\t\t\t\t\t<\/div>\n\t\t\t\t<\/div>\n\t\t\t\t<\/div>\n\t\t\t\t<\/div>\n\t\t\t\t<\/div>\n\t\t\t\t<\/div>","protected":false},"excerpt":{"rendered":"<p>quiromasaje, asesoramiento nutricional y dermoest\u00e9tica. Tu bienestar est\u00e1 a solo un paso. \u00a1Te esperamos para ayudarte a sentirte bien, verte incre\u00edble y alcanzar el equilibrio perfecto entre cuerpo y mente! llamanos Nuestros servicios \u00a1Transforma tu bienestar de adentro hacia afuera! Masaje Deportivo El masaje deportivo es una t\u00e9cnica de terapia manual dise\u00f1ada espec\u00edficamente para atletas [&hellip;]<\/p>\n","protected":false},"author":2,"featured_media":0,"parent":0,"menu_order":0,"comment_status":"closed","ping_status":"closed","template":"elementor_canvas","meta":{"footnotes":""},"class_list":["post-14","page","type-page","status-publish","hentry"],"yoast_head":"<!-- This site is optimized with the Yoast SEO plugin v27.3 - https:\/\/yoast.com\/product\/yoast-seo-wordpress\/ -->\n<title>Servicios - Nireesku<\/title>\n<meta name=\"robots\" content=\"index, follow, max-snippet:-1, max-image-preview:large, max-video-preview:-1\" \/>\n<link rel=\"canonical\" href=\"https:\/\/nireesku.com\/eu\/servicios\/\" \/>\n<meta property=\"og:locale\" content=\"en_US\" \/>\n<meta property=\"og:type\" content=\"article\" \/>\n<meta property=\"og:title\" content=\"Servicios - Nireesku\" \/>\n<meta property=\"og:description\" content=\"quiromasaje, asesoramiento nutricional y dermoest\u00e9tica. Tu bienestar est\u00e1 a solo un paso. \u00a1Te esperamos para ayudarte a sentirte bien, verte incre\u00edble y alcanzar el equilibrio perfecto entre cuerpo y mente! llamanos Nuestros servicios \u00a1Transforma tu bienestar de adentro hacia afuera! Masaje Deportivo El masaje deportivo es una t\u00e9cnica de terapia manual dise\u00f1ada espec\u00edficamente para atletas [&hellip;]\" \/>\n<meta property=\"og:url\" content=\"https:\/\/nireesku.com\/eu\/servicios\/\" \/>\n<meta property=\"og:site_name\" content=\"Nireesku\" \/>\n<meta property=\"article:modified_time\" content=\"2024-11-08T14:33:04+00:00\" \/>\n<meta name=\"twitter:card\" content=\"summary_large_image\" \/>\n<meta name=\"twitter:label1\" content=\"Est. reading time\" \/>\n\t<meta name=\"twitter:data1\" content=\"2 minutua\" \/>\n<script type=\"application\/ld+json\" class=\"yoast-schema-graph\">{\"@context\":\"https:\\\/\\\/schema.org\",\"@graph\":[{\"@type\":\"WebPage\",\"@id\":\"https:\\\/\\\/nireesku.com\\\/servicios\\\/\",\"url\":\"https:\\\/\\\/nireesku.com\\\/servicios\\\/\",\"name\":\"Servicios - Nireesku\",\"isPartOf\":{\"@id\":\"https:\\\/\\\/nireesku.com\\\/#website\"},\"datePublished\":\"2024-10-16T14:42:23+00:00\",\"dateModified\":\"2024-11-08T14:33:04+00:00\",\"breadcrumb\":{\"@id\":\"https:\\\/\\\/nireesku.com\\\/servicios\\\/#breadcrumb\"},\"inLanguage\":\"eu\",\"potentialAction\":[{\"@type\":\"ReadAction\",\"target\":[\"https:\\\/\\\/nireesku.com\\\/servicios\\\/\"]}]},{\"@type\":\"BreadcrumbList\",\"@id\":\"https:\\\/\\\/nireesku.com\\\/servicios\\\/#breadcrumb\",\"itemListElement\":[{\"@type\":\"ListItem\",\"position\":1,\"name\":\"Portada\",\"item\":\"https:\\\/\\\/nireesku.com\\\/\"},{\"@type\":\"ListItem\",\"position\":2,\"name\":\"Servicios\"}]},{\"@type\":\"WebSite\",\"@id\":\"https:\\\/\\\/nireesku.com\\\/#website\",\"url\":\"https:\\\/\\\/nireesku.com\\\/\",\"name\":\"Nireesku\",\"description\":\"\",\"publisher\":{\"@id\":\"https:\\\/\\\/nireesku.com\\\/#organization\"},\"potentialAction\":[{\"@type\":\"SearchAction\",\"target\":{\"@type\":\"EntryPoint\",\"urlTemplate\":\"https:\\\/\\\/nireesku.com\\\/?s={search_term_string}\"},\"query-input\":{\"@type\":\"PropertyValueSpecification\",\"valueRequired\":true,\"valueName\":\"search_term_string\"}}],\"inLanguage\":\"eu\"},{\"@type\":\"Organization\",\"@id\":\"https:\\\/\\\/nireesku.com\\\/#organization\",\"name\":\"Nireesku\",\"url\":\"https:\\\/\\\/nireesku.com\\\/\",\"logo\":{\"@type\":\"ImageObject\",\"inLanguage\":\"eu\",\"@id\":\"https:\\\/\\\/nireesku.com\\\/#\\\/schema\\\/logo\\\/image\\\/\",\"url\":\"https:\\\/\\\/nireesku.com\\\/wp-content\\\/uploads\\\/2024\\\/11\\\/cropped-LOGO-IBAN-01-Iban-Martin-Delgado.png\",\"contentUrl\":\"https:\\\/\\\/nireesku.com\\\/wp-content\\\/uploads\\\/2024\\\/11\\\/cropped-LOGO-IBAN-01-Iban-Martin-Delgado.png\",\"width\":1101,\"height\":716,\"caption\":\"Nireesku\"},\"image\":{\"@id\":\"https:\\\/\\\/nireesku.com\\\/#\\\/schema\\\/logo\\\/image\\\/\"}}]}<\/script>\n<!-- \/ Yoast SEO plugin. -->","yoast_head_json":{"title":"Servicios - Nireesku","robots":{"index":"index","follow":"follow","max-snippet":"max-snippet:-1","max-image-preview":"max-image-preview:large","max-video-preview":"max-video-preview:-1"},"canonical":"https:\/\/nireesku.com\/eu\/servicios\/","og_locale":"en_US","og_type":"article","og_title":"Servicios - Nireesku","og_description":"quiromasaje, asesoramiento nutricional y dermoest\u00e9tica. Tu bienestar est\u00e1 a solo un paso. \u00a1Te esperamos para ayudarte a sentirte bien, verte incre\u00edble y alcanzar el equilibrio perfecto entre cuerpo y mente! llamanos Nuestros servicios \u00a1Transforma tu bienestar de adentro hacia afuera! Masaje Deportivo El masaje deportivo es una t\u00e9cnica de terapia manual dise\u00f1ada espec\u00edficamente para atletas [&hellip;]","og_url":"https:\/\/nireesku.com\/eu\/servicios\/","og_site_name":"Nireesku","article_modified_time":"2024-11-08T14:33:04+00:00","twitter_card":"summary_large_image","twitter_misc":{"Est. reading time":"2 minutua"},"schema":{"@context":"https:\/\/schema.org","@graph":[{"@type":"WebPage","@id":"https:\/\/nireesku.com\/servicios\/","url":"https:\/\/nireesku.com\/servicios\/","name":"Servicios - Nireesku","isPartOf":{"@id":"https:\/\/nireesku.com\/#website"},"datePublished":"2024-10-16T14:42:23+00:00","dateModified":"2024-11-08T14:33:04+00:00","breadcrumb":{"@id":"https:\/\/nireesku.com\/servicios\/#breadcrumb"},"inLanguage":"eu","potentialAction":[{"@type":"ReadAction","target":["https:\/\/nireesku.com\/servicios\/"]}]},{"@type":"BreadcrumbList","@id":"https:\/\/nireesku.com\/servicios\/#breadcrumb","itemListElement":[{"@type":"ListItem","position":1,"name":"Portada","item":"https:\/\/nireesku.com\/"},{"@type":"ListItem","position":2,"name":"Servicios"}]},{"@type":"WebSite","@id":"https:\/\/nireesku.com\/#website","url":"https:\/\/nireesku.com\/","name":"Nireesku","description":"","publisher":{"@id":"https:\/\/nireesku.com\/#organization"},"potentialAction":[{"@type":"SearchAction","target":{"@type":"EntryPoint","urlTemplate":"https:\/\/nireesku.com\/?s={search_term_string}"},"query-input":{"@type":"PropertyValueSpecification","valueRequired":true,"valueName":"search_term_string"}}],"inLanguage":"eu"},{"@type":"Organization","@id":"https:\/\/nireesku.com\/#organization","name":"Nireesku","url":"https:\/\/nireesku.com\/","logo":{"@type":"ImageObject","inLanguage":"eu","@id":"https:\/\/nireesku.com\/#\/schema\/logo\/image\/","url":"https:\/\/nireesku.com\/wp-content\/uploads\/2024\/11\/cropped-LOGO-IBAN-01-Iban-Martin-Delgado.png","contentUrl":"https:\/\/nireesku.com\/wp-content\/uploads\/2024\/11\/cropped-LOGO-IBAN-01-Iban-Martin-Delgado.png","width":1101,"height":716,"caption":"Nireesku"},"image":{"@id":"https:\/\/nireesku.com\/#\/schema\/logo\/image\/"}}]}},"_links":{"self":[{"href":"https:\/\/nireesku.com\/eu\/wp-json\/wp\/v2\/pages\/14","targetHints":{"allow":["GET"]}}],"collection":[{"href":"https:\/\/nireesku.com\/eu\/wp-json\/wp\/v2\/pages"}],"about":[{"href":"https:\/\/nireesku.com\/eu\/wp-json\/wp\/v2\/types\/page"}],"author":[{"embeddable":true,"href":"https:\/\/nireesku.com\/eu\/wp-json\/wp\/v2\/users\/2"}],"replies":[{"embeddable":true,"href":"https:\/\/nireesku.com\/eu\/wp-json\/wp\/v2\/comments?post=14"}],"version-history":[{"count":459,"href":"https:\/\/nireesku.com\/eu\/wp-json\/wp\/v2\/pages\/14\/revisions"}],"predecessor-version":[{"id":1857,"href":"https:\/\/nireesku.com\/eu\/wp-json\/wp\/v2\/pages\/14\/revisions\/1857"}],"wp:attachment":[{"href":"https:\/\/nireesku.com\/eu\/wp-json\/wp\/v2\/media?parent=14"}],"curies":[{"name":"wp","href":"https:\/\/api.w.org\/{rel}","templated":true}]}}